{"id":23,"date":"2023-04-05T19:52:50","date_gmt":"2023-04-05T17:52:50","guid":{"rendered":"https:\/\/chalet-orgevaux.ch\/?page_id=23"},"modified":"2023-04-05T22:09:11","modified_gmt":"2023-04-05T20:09:11","slug":"reglement","status":"publish","type":"page","link":"https:\/\/chalet-orgevaux.ch\/?page_id=23","title":{"rendered":"R\u00e8glement du Chalet"},"content":{"rendered":"\n<h4 class=\"wp-block-heading\"><strong>Merci de respecter ce r\u00e8glement. <\/strong><br>Tout d\u00e9g\u00e2t suite au non-respect&nbsp;de ce dernier sera factur\u00e9 au locataire.&nbsp;<\/h4>\n\n\n\n<hr class=\"wp-block-separator has-alpha-channel-opacity is-style-wide\"\/>\n\n\n\n<p>Mise en service du chalet&nbsp;<br>Mise hors service du chauffe-eau&nbsp;<br>Bois&nbsp;<br>Dortoirs&nbsp;<br>Frigos&nbsp;<br>Nettoyages&nbsp;<br>D\u00e9chets&nbsp;<br>Facturation&nbsp;<br>Nuisances&nbsp;<br>Parking&nbsp;<br>Personnes de contact&nbsp;<\/p>\n\n\n\n<hr class=\"wp-block-separator has-alpha-channel-opacity is-style-wide\"\/>\n\n\n\n<h4 class=\"wp-block-heading\">Mise en service du chalet&nbsp;&nbsp;<\/h4>\n\n\n\n<p>A droite de la porte d\u2019entr\u00e9e se trouve un mini-coffre m\u00e9tallique \u00e0 code \u00e0 l&rsquo;int\u00e9rieur duquel sont d\u00e9pos\u00e9es les clefs du chalet (le code&nbsp;est \u00e0 demander \u00e0 une personne du comit\u00e9).&nbsp;&nbsp;&nbsp; Une fois le chalet ouvert, vous trouvez sur votre droite, avant la mont\u00e9e de l\u2019escalier, une cha\u00eene avec \u00e0 son extr\u00e9mit\u00e9 une petite clef carr\u00e9e. Celle-ci ouvre le coffret ext\u00e9rieur qui vous donne acc\u00e8s \u00e0 l\u2019interrupteur principal. Enclenchez-le.&nbsp;&nbsp; &nbsp;&nbsp;&nbsp;&nbsp;&nbsp;&nbsp;<\/p>\n\n\n\n<h4 class=\"wp-block-heading\">Mise en service du chauffe-eau <\/h4>\n\n\n\n<p>La clef qui se trouve sur ce dernier, donne acc\u00e8s \u00e0 l\u2019armoire ext\u00e9rieure derri\u00e8re le chalet. Pour ouvrir le gaz, ouvrez la bonbonne au maximum puis refermez-la d\u2019un quart de tour. Quand la bonbonne est vide, remplacez-la mais faites attention, il n\u2019est pas n\u00e9cessaire de serrer l\u2019\u00e9crou \u00e0 la pince, ceci pour \u00e9viter d\u2019endommager le joint. Appuyez et tournez le bouton principal du chauffe-eau jusqu\u2019au petit logo \u00e9lectrique avec une fl\u00e8che. Sans rel\u00e2cher l\u2019interrupteur, appuyez \u00e0 plusieurs reprises sur le bouton-poussoir(briquet) juste \u00e0 c\u00f4t\u00e9 (voir photo page suivante). Le gaz a besoin d\u2019un certain temps pour arriver de la bonbonne au br\u00fbleur, soyez patient. En aucun cas, vous ne devez vous servir d\u2019allumettes, briquet, etc.&nbsp;&nbsp;&nbsp;&nbsp;<\/p>\n\n\n\n<h4 class=\"wp-block-heading\"><strong>Mise hors service du chalet&nbsp;<\/strong><\/h4>\n\n\n\n<p>Avant votre d\u00e9part, n\u2019oubliez pas de\u2026&nbsp;\u25cf Plier les couvertures et ranger les coussins&nbsp;\u25cf Passer l\u2019aspirateur dans les dortoirs utilis\u00e9s&nbsp;\u25cf Fermer les fen\u00eatres et les volets&nbsp;\u25cf Compl\u00e9ter les caisses \u00e0 bois&nbsp;\u25cf Remettre en place les tables et les bancs&nbsp;\u25cf D\u00e9brancher les frigos du sous-sol et de laisser les portes&nbsp;ouvertes&nbsp;\u25cf Laisser la porte du frigo de la cuisine ouverte&nbsp;\u25cf Fermer le gaz \u00e0 l\u2019ext\u00e9rieur&nbsp;\u25cf Suspendre les linges de cuisine utilis\u00e9s&nbsp;\u25cf Ramasser les \u00e9ventuels m\u00e9gots et autres d\u00e9tritus autour du&nbsp;chalet&nbsp;\u25cf Prendre avec vous tous vos d\u00e9chets&nbsp;\u25cf Prendre les coordonn\u00e9es pour le paiement&nbsp;\u25cf D\u00e9clencher l\u2019interrupteur principal au tableau ext\u00e9rieur&nbsp;\u25cf Remettre les clefs du chalet dans le coffre \u00e0 code&nbsp;<\/p>\n\n\n\n<h4 class=\"wp-block-heading\">Bois&nbsp;&nbsp;<\/h4>\n\n\n\n<p>A votre arriv\u00e9e, vous trouverez les deux caisses \u00e0 bois (cuisine et r\u00e9fectoire)remplies.Celles-ci, ainsi que le petit coffre pour le bois d\u2019allumage \u00e0 la cuisine sont \u00e0 compl\u00e9ter lors de votre d\u00e9part. Vous avez acc\u00e8s \u00e0 la r\u00e9serve de bois (b\u00fbcher) par la porte du r\u00e9fectoire. Le bois de feu est r\u00e9serv\u00e9 exclusivement pour l&rsquo;usage \u00e0 l&rsquo;int\u00e9rieur (fourneaux de la cuisine et de la salle \u00e0 manger).&nbsp;Si vous d\u00e9sirez faire du feu \u00e0 l\u2019ext\u00e9rieur, vous \u00eates pri\u00e9s d\u2019amener&nbsp;votre propre bois. Tout abus de consommation de bois sera factur\u00e9. Des contr\u00f4les r\u00e9guliers sont effectu\u00e9s.&nbsp;<\/p>\n\n\n\n<h4 class=\"wp-block-heading\">Dortoirs&nbsp;&nbsp;<\/h4>\n\n\n\n<p>Il y a 26 couches r\u00e9parties dans 4 dortoirs. Des coussins pour chaque couche ainsi que des couvertures sont \u00e0 votre disposition. Merci de plier et ranger ces derni\u00e8res apr\u00e8s leur utilisation.&nbsp;Les dortoirs sont strictement \u00abNON FUMEUR \u00ab\u00a0.&nbsp;Les boissons ainsi que la nourriture sont \u00e9galement interdites dans &nbsp;les dortoirs.&nbsp;De m\u00eame, les animaux sont strictement interdits \u00e0 l&rsquo;\u00e9tage.&nbsp;Merci de respecter ces directives.&nbsp;Dans l\u2019armoire du grand dortoir, vous avez un aspirateur \u00e0 votre disposition. Merci d\u2019aspirer chaque dortoir utilis\u00e9 avant votre&nbsp;d\u00e9part.&nbsp;<\/p>\n\n\n\n<h4 class=\"wp-block-heading\">Frigos<\/h4>\n\n\n\n<p>Vous avez au sous-sol deux frigos \u00e0 disposition. D\u00e9branchez et videz ces derniers lors de votre d\u00e9part. Les portes doivent&nbsp;imp\u00e9rativement rester ouvertes.&nbsp;<\/p>\n\n\n\n<h4 class=\"wp-block-heading\">Nettoyages<\/h4>\n\n\n\n<p>Le chalet doit \u00eatre rendu propre (cuisine, toilettes, douche,&nbsp;lavabos, dortoirs, frigos, r\u00e9fectoire, po\u00eales \u00e0 bois vid\u00e9s de leurs cendres, ext\u00e9rieur, cendriers, etc.).Si \u00e0 votre arriv\u00e9e, vous constatez que le chalet n\u2019est pas en ordre, veuillez prendre contact avec une personne du comit\u00e9 selon la liste annex\u00e9e. Vous trouvez, dans le casier 17, des linges de cuisine. Lors de votre d\u00e9part, laissez&nbsp;les linges utilis\u00e9s \u00e9tendus sur le fil de la cuisine.&nbsp;&nbsp; &nbsp;&nbsp;&nbsp;<\/p>\n\n\n\n<h4 class=\"wp-block-heading\">D\u00e9chets&nbsp;&nbsp;<\/h4>\n\n\n\n<p>Vous \u00eates pri\u00e9s d&#8217;emporter tous vos d\u00e9chets (poubelles, verres, papiers, autres d\u00e9chets).&nbsp;<\/p>\n\n\n\n<h4 class=\"wp-block-heading\">Facturation&nbsp;&nbsp;<\/h4>\n\n\n\n<p>Pour le r\u00e8glement de votre s\u00e9jour, prenez, dans le classeur noir qui se trouve en haut \u00e0 gauche des casiers, soit un bulletin de&nbsp;versement, soit les coordonn\u00e9es du compte postal (pour un versement depuis l&rsquo;\u00e9tranger par exemple).&nbsp;Merci de r\u00e9gler votre d\u00fb rapidement.&nbsp;&nbsp;<\/p>\n\n\n\n<h4 class=\"wp-block-heading\">Petit rappel du prix des passages et nuit\u00e9es&nbsp;<\/h4>\n\n\n\n<figure class=\"wp-block-table\"><table><tbody><tr><td><\/td><td>Membre (UMV)<\/td><td>Invit\u00e9<\/td><td>Non membre<\/td><\/tr><tr><td>Passage ou nuit\u00e9e<\/td><td>CHF 7.\u2013<\/td><td>CHF 11.\u2013<\/td><td>&#8212;&#8212;&#8211;<\/td><\/tr><tr><td>1 jour r\u00e9servation compl\u00e8te<\/td><td>CHF 115.\u2013<\/td><td><\/td><td>CHF 160.\u2013<\/td><\/tr><tr><td>2 jours r\u00e9servation compl\u00e8te<\/td><td>CHF 230.\u2013<\/td><td><\/td><td>CHF 300.\u2013<\/td><\/tr><tr><td>Jour suppl\u00e9mentaire (24)<\/td><td>CHF 80.\u2013<\/td><td><\/td><td>CHF 115.\u2013<\/td><\/tr><\/tbody><\/table><\/figure>\n\n\n\n<h4 class=\"wp-block-heading\">Adresse de facturation&nbsp;<\/h4>\n\n\n\n<p>Si les documents pour votre paiement \u00e0 prendre \u00e0 la fin de ce&nbsp;dossier venaient \u00e0 manquer, voici les coordonn\u00e9es de notre compte&nbsp;postal :&nbsp;<\/p>\n\n\n\n<p>CCP 10-4864-3&nbsp;<br>IBAN&nbsp;CHF&nbsp;: CH28 0900 0000 1000 4864 3&nbsp;<\/p>\n\n\n\n<p>POSTFINANCE SA&nbsp;<br>Mingerstrasse 20&nbsp;<br>CH-3030 Bern, Suisse&nbsp;<br>SWIFT : POFICHBEXXX&nbsp;<br>En faveur de&nbsp;: Club des Amis d&rsquo;Orgevaux&nbsp;<\/p>\n\n\n\n<h4 class=\"wp-block-heading\">Nuisances&nbsp;&nbsp;<\/h4>\n\n\n\n<p>Vous \u00eates pri\u00e9s de respecter le voisinage. La musique ext\u00e9rieure doit \u00eatre diffus\u00e9e de fa\u00e7on mod\u00e9r\u00e9e. Toute plainte sera \u00e0 la charge du locataire.&nbsp;<\/p>\n\n\n\n<h4 class=\"wp-block-heading\">Parking&nbsp;&nbsp;<\/h4>\n\n\n\n<p>Le parcage des v\u00e9hicules doit se faire le long de la haie (entre la mont\u00e9e des escaliers et le d\u00e9but du mur du ch\u00e2teau d\u2019eau). Tout parcage en dehors de cette zone est strictement interdit. Les v\u00e9hicules suppl\u00e9mentaires doivent \u00eatre parqu\u00e9s en bas de la route\u00a0sur le grand parking.\u00a0En hiver, en cas de chutes de neige, tous les v\u00e9hicules doivent \u00eatre\u00a0parqu\u00e9s sur le <a href=\"https:\/\/maps.app.goo.gl\/4sArGdLmZfqrRqVu8?g_st=ic\" target=\"_blank\" rel=\"noreferrer noopener\">grand parking en contrebas<\/a>. Le passage doit \u00eatre\u00a0laiss\u00e9 libre pour le chasse-neige.\u00a0<\/p>\n\n\n\n<h4 class=\"wp-block-heading\">Personnes \u00e0 contacter en cas de probl\u00e8me (dans l&rsquo;ordre)<\/h4>\n\n\n\n<p>Intendant: Gon\u00e7alo Ramires +41 76&nbsp;778 19 67<\/p>\n\n\n\n<p>Vice-Pr\u00e9sident: Laurent Schwendi +41 76&nbsp;693 74 53&nbsp;<\/p>\n\n\n\n<p>Pr\u00e9sident: J-Ch Montendon +41 76&nbsp;693 37 43&nbsp;&nbsp;<\/p>\n\n\n\n<p class=\"has-text-align-right\"><em><strong>Le comit\u00e9 du Club des Amis d&rsquo;Orgevaux<br>le XX XXXXXXXXX XXXX<\/strong><\/em><\/p>\n","protected":false},"excerpt":{"rendered":"<p>Merci de respecter ce r\u00e8glement. Tout d\u00e9g\u00e2t suite au non-respect&nbsp;de ce dernier sera factur\u00e9 au locataire.&nbsp; Mise en service du chalet&nbsp;Mise hors service du chauffe-eau&nbsp;Bois&nbsp;Dortoirs&nbsp;Frigos&nbsp;Nettoyages&nbsp;D\u00e9chets&nbsp;Facturation&nbsp;Nuisances&nbsp;Parking&nbsp;Personnes de contact&nbsp; Mise en service<\/p>\n<p class=\"more-link\"><a href=\"https:\/\/chalet-orgevaux.ch\/?page_id=23\" class=\"readmore\">Continue reading<svg class=\"icon icon-arrow-right\" aria-hidden=\"true\" role=\"img\"> <use href=\"#icon-arrow-right\" xlink:href=\"#icon-arrow-right\"><\/use> <\/svg><span class=\"screen-reader-text\">R\u00e8glement du Chalet<\/span><\/a><\/p>\n","protected":false},"author":1,"featured_media":0,"parent":0,"menu_order":0,"comment_status":"closed","ping_status":"closed","template":"","meta":{"footnotes":""},"class_list":["post-23","page","type-page","status-publish","hentry"],"_links":{"self":[{"href":"https:\/\/chalet-orgevaux.ch\/index.php?rest_route=\/wp\/v2\/pages\/23","targetHints":{"allow":["GET"]}}],"collection":[{"href":"https:\/\/chalet-orgevaux.ch\/index.php?rest_route=\/wp\/v2\/pages"}],"about":[{"href":"https:\/\/chalet-orgevaux.ch\/index.php?rest_route=\/wp\/v2\/types\/page"}],"author":[{"embeddable":true,"href":"https:\/\/chalet-orgevaux.ch\/index.php?rest_route=\/wp\/v2\/users\/1"}],"replies":[{"embeddable":true,"href":"https:\/\/chalet-orgevaux.ch\/index.php?rest_route=%2Fwp%2Fv2%2Fcomments&post=23"}],"version-history":[{"count":7,"href":"https:\/\/chalet-orgevaux.ch\/index.php?rest_route=\/wp\/v2\/pages\/23\/revisions"}],"predecessor-version":[{"id":58,"href":"https:\/\/chalet-orgevaux.ch\/index.php?rest_route=\/wp\/v2\/pages\/23\/revisions\/58"}],"wp:attachment":[{"href":"https:\/\/chalet-orgevaux.ch\/index.php?rest_route=%2Fwp%2Fv2%2Fmedia&parent=23"}],"curies":[{"name":"wp","href":"https:\/\/api.w.org\/{rel}","templated":true}]}}