{"id":21,"date":"2023-04-05T19:08:21","date_gmt":"2023-04-05T17:08:21","guid":{"rendered":"https:\/\/chalet-orgevaux.ch\/?page_id=21"},"modified":"2024-12-07T19:41:45","modified_gmt":"2024-12-07T18:41:45","slug":"tarifs","status":"publish","type":"page","link":"https:\/\/chalet-orgevaux.ch\/?page_id=21","title":{"rendered":"Tarifs de location"},"content":{"rendered":"\n<p><strong>Tarifs des passages au chalet&nbsp;<\/strong>(&nbsp;<em>En hiver, seuls les membres du club peuvent le louer! )<\/em><\/p>\n\n\n\n<hr class=\"wp-block-separator has-alpha-channel-opacity\"\/>\n\n\n\n<ul class=\"wp-block-list\">\n<li><strong>Passage ou nuit\u00e9e d\u00e8s 6 ans<\/strong><\/li>\n<\/ul>\n\n\n\n<p>Membres UMV: 7.-<br>Invit\u00e9s: 11.-<br><\/p>\n\n\n\n<ul class=\"wp-block-list\">\n<li><strong>R\u00e9servation compl\u00e8te (26 places) \/ 1 jour (8h\/24h)<\/strong><\/li>\n<\/ul>\n\n\n\n<p>Membres UMV: 115.-<br>Non-membres: 160.-<br><\/p>\n\n\n\n<ul class=\"wp-block-list\">\n<li><strong>R\u00e9servation compl\u00e8te (26 places) \/ 2 jours (du samedi \u00e0 8 heures au dimanche \u00e0 minuit)<\/strong><\/li>\n<\/ul>\n\n\n\n<p>Membres UMV: 230.-<br>Non-membres: 300.-<br><\/p>\n\n\n\n<ul class=\"wp-block-list\">\n<li><strong>Par journ\u00e9e compl\u00e8te suppl\u00e9mentaire (24 heures)<\/strong><\/li>\n<\/ul>\n\n\n\n<p>Membres UMV: 80.-<br>Non-membres:120.-<\/p>\n\n\n\n<hr class=\"wp-block-separator has-alpha-channel-opacity is-style-wide\"\/>\n\n\n\n<ul class=\"wp-block-list\">\n<li><em>Location aux non-membres, uniquement \u00e0 partir d&rsquo;une journ\u00e9e enti\u00e8re (donc minimum 160.-)<\/em><\/li>\n\n\n\n<li><em>Un membre UMV peut inviter autant de non-membres qu&rsquo;il d\u00e9sire.<\/em><\/li>\n\n\n\n<li><em>Abolition de la r\u00e9duction de 50% pour les moins de 18 ans.<\/em><\/li>\n<\/ul>\n\n\n\n<p>Pour les r\u00e9servations ou demande d&rsquo;informations, veuillez svp. contacter M. Laurent Schwendi<br>Tel. <a href=\"tel:41766937453\">+41 76 693 74 53<\/a><br><a href=\"mailto:schwendi68@gmail.com\">schwendi68@gmail.com<\/a><\/p>\n\n\n\n<p><\/p>\n","protected":false},"excerpt":{"rendered":"<p>Tarifs des passages au chalet&nbsp;(&nbsp;En hiver, seuls les membres du club peuvent le louer! ) Membres UMV: 7.-Invit\u00e9s: 11.- Membres UMV: 115.-Non-membres: 160.- Membres UMV: 230.-Non-membres: 300.- Membres UMV: 80.-Non-membres:120.-<\/p>\n<p class=\"more-link\"><a href=\"https:\/\/chalet-orgevaux.ch\/?page_id=21\" class=\"readmore\">Continue reading<svg class=\"icon icon-arrow-right\" aria-hidden=\"true\" role=\"img\"> <use href=\"#icon-arrow-right\" xlink:href=\"#icon-arrow-right\"><\/use> <\/svg><span class=\"screen-reader-text\">Tarifs de location<\/span><\/a><\/p>\n","protected":false},"author":1,"featured_media":0,"parent":0,"menu_order":0,"comment_status":"closed","ping_status":"closed","template":"","meta":{"footnotes":""},"class_list":["post-21","page","type-page","status-publish","hentry"],"_links":{"self":[{"href":"https:\/\/chalet-orgevaux.ch\/index.php?rest_route=\/wp\/v2\/pages\/21","targetHints":{"allow":["GET"]}}],"collection":[{"href":"https:\/\/chalet-orgevaux.ch\/index.php?rest_route=\/wp\/v2\/pages"}],"about":[{"href":"https:\/\/chalet-orgevaux.ch\/index.php?rest_route=\/wp\/v2\/types\/page"}],"author":[{"embeddable":true,"href":"https:\/\/chalet-orgevaux.ch\/index.php?rest_route=\/wp\/v2\/users\/1"}],"replies":[{"embeddable":true,"href":"https:\/\/chalet-orgevaux.ch\/index.php?rest_route=%2Fwp%2Fv2%2Fcomments&post=21"}],"version-history":[{"count":5,"href":"https:\/\/chalet-orgevaux.ch\/index.php?rest_route=\/wp\/v2\/pages\/21\/revisions"}],"predecessor-version":[{"id":74,"href":"https:\/\/chalet-orgevaux.ch\/index.php?rest_route=\/wp\/v2\/pages\/21\/revisions\/74"}],"wp:attachment":[{"href":"https:\/\/chalet-orgevaux.ch\/index.php?rest_route=%2Fwp%2Fv2%2Fmedia&parent=21"}],"curies":[{"name":"wp","href":"https:\/\/api.w.org\/{rel}","templated":true}]}}