{"id":2,"date":"2023-04-05T16:41:26","date_gmt":"2023-04-05T14:41:26","guid":{"rendered":"http:\/\/chalet-orgevaux.ch\/?page_id=2"},"modified":"2023-04-05T20:48:22","modified_gmt":"2023-04-05T18:48:22","slug":"page-d-exemple","status":"publish","type":"page","link":"https:\/\/chalet-orgevaux.ch\/","title":{"rendered":"Club des Amis d&rsquo;Orgevaux"},"content":{"rendered":"\n<p>Bienvenue au chalet d&rsquo;Orgevaux, votre refuge idyllique nich\u00e9 dans les montagnes suisses, dominant les eaux scintillantes du lac L\u00e9man. Venez d\u00e9couvrir la beaut\u00e9 \u00e9poustouflante et la tranquillit\u00e9 qui entourent notre charmant refuge, et laissez-vous emporter par l&rsquo;atmosph\u00e8re chaleureuse et conviviale qui r\u00e8gne parmi les membres de notre club.<\/p>\n\n\n\n<p>Ici, vous pouvez louer le chalet pour un week-end ressour\u00e7ant ou une journ\u00e9e\/soir\u00e9e m\u00e9morable, en parcourant les d\u00e9tails disponibles sur notre site : prix, photos, disponibilit\u00e9s et coordonn\u00e9es pour prendre contact avec nous.<\/p>\n\n\n\n<p>Veuillez noter qu&rsquo;en hiver, la location est r\u00e9serv\u00e9e exclusivement aux membres du club, ajoutant ainsi une touche suppl\u00e9mentaire d&rsquo;exclusivit\u00e9 et de camaraderie durant la saison hivernale.<\/p>\n\n\n\n<p>Le Club des Amis d&rsquo;Orgevaux vous invite \u00e0 explorer les merveilles de la nature, \u00e0 partager des moments inoubliables avec vos proches et \u00e0 tisser des liens d&rsquo;amiti\u00e9 qui dureront toute une vie. Rejoignez-nous dans notre havre de paix au-dessus du lac L\u00e9man!<\/p>\n\n\n\n<div class=\"wp-block-media-text alignwide is-stacked-on-mobile is-image-fill\" style=\"grid-template-columns:33% auto\"><figure class=\"wp-block-media-text__media\" style=\"background-image:url(https:\/\/chalet-orgevaux.ch\/wp-content\/uploads\/2023\/04\/drapeau2-225x300.jpg);background-position:50% 50%\"><img loading=\"lazy\" decoding=\"async\" width=\"225\" height=\"300\" src=\"https:\/\/chalet-orgevaux.ch\/wp-content\/uploads\/2023\/04\/drapeau2-225x300.jpg\" alt=\"\" class=\"wp-image-47 size-medium\" srcset=\"https:\/\/chalet-orgevaux.ch\/wp-content\/uploads\/2023\/04\/drapeau2-225x300.jpg 225w, https:\/\/chalet-orgevaux.ch\/wp-content\/uploads\/2023\/04\/drapeau2-768x1024.jpg 768w, https:\/\/chalet-orgevaux.ch\/wp-content\/uploads\/2023\/04\/drapeau2-1152x1536.jpg 1152w, https:\/\/chalet-orgevaux.ch\/wp-content\/uploads\/2023\/04\/drapeau2-1536x2048.jpg 1536w, https:\/\/chalet-orgevaux.ch\/wp-content\/uploads\/2023\/04\/drapeau2-scaled.jpg 1920w\" sizes=\"auto, (max-width: 225px) 100vw, 225px\" \/><\/figure><div class=\"wp-block-media-text__content\">\n<p>Notre association chaleureuse et conviviale rassemble des passionn\u00e9s de montagne et de randonn\u00e9es. Elle est compos\u00e9e de membres qui partagent un amour commun pour la nature et les activit\u00e9s en plein air, et qui souhaitent cr\u00e9er des liens d&rsquo;amiti\u00e9 et de camaraderie. <\/p>\n\n\n\n<p>Si vous \u00eates \u00e9galement \u00e9pris de ces valeurs et que vous souhaitez rejoindre notre groupe d&rsquo;amoureux des montagnes, nous vous invitons \u00e0 vous renseigner sur les modalit\u00e9s d&rsquo;adh\u00e9sion. Nous accueillons chaleureusement les nouvelles personnes int\u00e9ress\u00e9es et sommes impatients de partager avec vous les merveilleux paysages et les aventures qu&rsquo;offrent la r\u00e9gion.<\/p>\n<\/div><\/div>\n","protected":false},"excerpt":{"rendered":"<p>Bienvenue au chalet d&rsquo;Orgevaux, votre refuge idyllique nich\u00e9 dans les montagnes suisses, dominant les eaux scintillantes du lac L\u00e9man. Venez d\u00e9couvrir la beaut\u00e9 \u00e9poustouflante et la tranquillit\u00e9 qui entourent notre<\/p>\n<p class=\"more-link\"><a href=\"https:\/\/chalet-orgevaux.ch\/\" class=\"readmore\">Continue reading<svg class=\"icon icon-arrow-right\" aria-hidden=\"true\" role=\"img\"> <use href=\"#icon-arrow-right\" xlink:href=\"#icon-arrow-right\"><\/use> <\/svg><span class=\"screen-reader-text\">Club des Amis d&rsquo;Orgevaux<\/span><\/a><\/p>\n","protected":false},"author":1,"featured_media":0,"parent":0,"menu_order":0,"comment_status":"closed","ping_status":"open","template":"templates\/right-sidebar.php","meta":{"footnotes":""},"class_list":["post-2","page","type-page","status-publish","hentry"],"_links":{"self":[{"href":"https:\/\/chalet-orgevaux.ch\/index.php?rest_route=\/wp\/v2\/pages\/2","targetHints":{"allow":["GET"]}}],"collection":[{"href":"https:\/\/chalet-orgevaux.ch\/index.php?rest_route=\/wp\/v2\/pages"}],"about":[{"href":"https:\/\/chalet-orgevaux.ch\/index.php?rest_route=\/wp\/v2\/types\/page"}],"author":[{"embeddable":true,"href":"https:\/\/chalet-orgevaux.ch\/index.php?rest_route=\/wp\/v2\/users\/1"}],"replies":[{"embeddable":true,"href":"https:\/\/chalet-orgevaux.ch\/index.php?rest_route=%2Fwp%2Fv2%2Fcomments&post=2"}],"version-history":[{"count":5,"href":"https:\/\/chalet-orgevaux.ch\/index.php?rest_route=\/wp\/v2\/pages\/2\/revisions"}],"predecessor-version":[{"id":49,"href":"https:\/\/chalet-orgevaux.ch\/index.php?rest_route=\/wp\/v2\/pages\/2\/revisions\/49"}],"wp:attachment":[{"href":"https:\/\/chalet-orgevaux.ch\/index.php?rest_route=%2Fwp%2Fv2%2Fmedia&parent=2"}],"curies":[{"name":"wp","href":"https:\/\/api.w.org\/{rel}","templated":true}]}}