{"id":15,"date":"2023-04-05T19:00:14","date_gmt":"2023-04-05T17:00:14","guid":{"rendered":"https:\/\/chalet-orgevaux.ch\/?page_id=15"},"modified":"2025-05-09T18:34:11","modified_gmt":"2025-05-09T16:34:11","slug":"randonnees","status":"publish","type":"page","link":"https:\/\/chalet-orgevaux.ch\/?page_id=15","title":{"rendered":"Randonn\u00e9es"},"content":{"rendered":"\n<h4 class=\"wp-block-heading\">D\u00e9couvrez les splendeurs d&rsquo;Orgevaux, des Avants et du Vallon de Villard au-dessus de Montreux<\/h4>\n\n\n\n<p>Orgevaux, les Avants et le Vallon de Villard offrent un cadre enchanteur pour tous les amoureux de la nature et des promenades en montagne. Situ\u00e9s au-dessus de la pittoresque ville de Montreux, ces trois lieux vous invitent \u00e0 explorer les beaut\u00e9s de la r\u00e9gion et \u00e0 profiter d&rsquo;une exp\u00e9rience inoubliable en plein c\u0153ur des montagnes suisses. Ernest Hemingway appr\u00e9ciait ces pentes et Vladimir Nabokov y chassait les papillons. <br><a rel=\"noreferrer noopener\" href=\"https:\/\/narcisses.com\/?l=fr\" target=\"_blank\">La floraison des narcisses<\/a>, fleur \u00e9galement connue sous le nom de \u00abneige de mai\u00bb, offre un spectacle saisissant lors de vos promenades, sur les sentiers balis\u00e9s de la r\u00e9gion. Ces fleurs d\u00e9licates fleurissent \u00e0 l&rsquo;\u00e9tat sauvage en avril et mai, m\u00e9tamorphosant les prairies en paysages immacul\u00e9s et parfum\u00e9s. Laissez-vous enchanter par la beaut\u00e9 de ces fleurs qui recouvrent les collines d&rsquo;un manteau blanc \u00e9ph\u00e9m\u00e8re, et profitez de cette p\u00e9riode exceptionnelle pour vous ressourcer et admirer la magie printani\u00e8re qui s&rsquo;offre \u00e0 vous.<\/p>\n\n\n\n<p>La r\u00e9gion se trouve \u00e9galement dans le magnifique <a rel=\"noreferrer noopener\" href=\"https:\/\/www.gruyerepaysdenhaut.ch\/\" target=\"_blank\">P<\/a><a rel=\"noreferrer noopener\" href=\"https:\/\/www.gruyerepaysdenhaut.ch\/\" target=\"_blank\">arc naturel r\u00e9gional Gruy\u00e8re-Pays d&rsquo;Enhaut<\/a><\/p>\n\n\n\n<figure class=\"wp-block-image size-full is-resized\"><img loading=\"lazy\" decoding=\"async\" width=\"900\" height=\"600\" src=\"https:\/\/chalet-orgevaux.ch\/wp-content\/uploads\/2023\/04\/narcisse.webp\" alt=\"\" class=\"wp-image-16\" style=\"width:972px;height:648px\" srcset=\"https:\/\/chalet-orgevaux.ch\/wp-content\/uploads\/2023\/04\/narcisse.webp 900w, https:\/\/chalet-orgevaux.ch\/wp-content\/uploads\/2023\/04\/narcisse-300x200.webp 300w, https:\/\/chalet-orgevaux.ch\/wp-content\/uploads\/2023\/04\/narcisse-768x512.webp 768w\" sizes=\"auto, (max-width: 900px) 100vw, 900px\" \/><\/figure>\n\n\n\n<h4 class=\"wp-block-heading\"><strong>Orgevaux : un havre de paix et de s\u00e9r\u00e9nit\u00e9<\/strong><\/h4>\n\n\n\n<p>Orgevaux vous accueille dans un \u00e9crin de verdure o\u00f9 vous pourrez vous \u00e9vader du quotidien et vous ressourcer. Ici, vous d\u00e9couvrirez des sentiers de randonn\u00e9e pittoresques qui serpentent \u00e0 travers les for\u00eats, longent les ruisseaux et offrent des panoramas \u00e0 couper le souffle sur le lac L\u00e9man et les montagnes environnantes.<a href=\"https:\/\/www.montreuxriviera.com\/fr\/V2871\/sentier-des-narcisses-orgevaux\" target=\"_blank\" rel=\"noreferrer noopener\"> <br>Sentier des Narcisses au d\u00e9part d&rsquo;Orgevaux<\/a><\/p>\n\n\n\n<h4 class=\"wp-block-heading\"><strong>Les Avants : une destination pris\u00e9e des randonneurs<\/strong><\/h4>\n\n\n\n<p><a href=\"https:\/\/www.lesavants.ch\/\" target=\"_blank\" rel=\"noreferrer noopener\">Les Avants<\/a>, un village situ\u00e9 \u00e0 pr\u00e8s de 1000 m\u00e8tres d&rsquo;altitude, a connu un d\u00e9veloppement touristique rapide gr\u00e2ce \u00e0 l&rsquo;ouverture de la route en 1852 et la construction du Grand-H\u00f4tel en 1873-1874. Les fr\u00e8res Dufour, promoteurs du projet, y proposent un h\u00f4tel de premier ordre offrant confort moderne et diverses activit\u00e9s sportives. Le d\u00e9veloppement s&rsquo;acc\u00e9l\u00e8re \u00e0 la fin du si\u00e8cle avec l&rsquo;arriv\u00e9e du chemin de fer Montreux-Oberland bernois en 1901 et l&rsquo;ouverture de plusieurs autres \u00e9tablissements. Cependant, apr\u00e8s la Premi\u00e8re Guerre mondiale, Les Avants traversent des heures difficiles et plusieurs h\u00f4tels ferment. <\/p>\n\n\n\n<p>La station offre une multitude de sentiers de randonn\u00e9e pour tous les niveaux. Des promenades familiales aux excursions plus sportives, c&rsquo;est un point de d\u00e9part id\u00e9al pour partir \u00e0 la d\u00e9couverte des richesses naturelles de la r\u00e9gion. Admirez la vue imprenable sur le lac L\u00e9man, le Jura et les Alpes, et plongez-vous dans un univers de tranquillit\u00e9 et d&rsquo;\u00e9merveillement. <br><a href=\"https:\/\/www.montreuxriviera.com\/fr\/V161\/sentier-des-narcisses-les-avants\" target=\"_blank\" rel=\"noreferrer noopener\">Sentier des Narcisses au d\u00e9part des Avants<\/a><\/p>\n\n\n\n<p>En hiver, un funiculaire vous permet de profiter de magnifiques et longues glissades en luge, sur la piste de Sonloup, sans vous fatiguer \u00e0 la mont\u00e9e.<\/p>\n\n\n\n<figure class=\"wp-block-image size-full is-resized\"><img loading=\"lazy\" decoding=\"async\" width=\"760\" height=\"515\" src=\"https:\/\/chalet-orgevaux.ch\/wp-content\/uploads\/2023\/04\/funi_avants.jpg\" alt=\"\" class=\"wp-image-51\" style=\"width:972px;height:659px\" srcset=\"https:\/\/chalet-orgevaux.ch\/wp-content\/uploads\/2023\/04\/funi_avants.jpg 760w, https:\/\/chalet-orgevaux.ch\/wp-content\/uploads\/2023\/04\/funi_avants-300x203.jpg 300w\" sizes=\"auto, (max-width: 760px) 100vw, 760px\" \/><\/figure>\n\n\n\n<h4 class=\"wp-block-heading\"><strong>Le Vallon de Villard : un joyau alpin \u00e0 d\u00e9couvrir<\/strong><\/h4>\n\n\n\n<p>Le Vallon de Villard, situ\u00e9 au-dessus de Montreux, est un v\u00e9ritable paradis pour les amateurs de randonn\u00e9e et de nature. Ici, les sentiers sillonnent les for\u00eats de sapins, les prairies fleuries et les alpages, offrant un cadre idyllique pour une escapade en montagne. Le Vallon de Villard est \u00e9galement r\u00e9put\u00e9 pour sa faune et sa flore diversifi\u00e9es, que vous pourrez observer au gr\u00e9 de vos balades. Un v\u00e9ritable \u00e9crin de biodiversit\u00e9 \u00e0 ne pas manquer !<\/p>\n\n\n\n<p>Que vous soyez un randonneur aguerri ou un simple promeneur en qu\u00eate de qui\u00e9tude, le vallon d&rsquo;Orgevaux, les Avants et le Vallon de Villard sauront vous charmer par leur beaut\u00e9 et leur diversit\u00e9. Alors, enfilez vos chaussures de marche et partez \u00e0 la d\u00e9couverte de ces joyaux alpins qui vous r\u00e9servent de nombreuses surprises !<\/p>\n","protected":false},"excerpt":{"rendered":"<p>D\u00e9couvrez les splendeurs d&rsquo;Orgevaux, des Avants et du Vallon de Villard au-dessus de Montreux Orgevaux, les Avants et le Vallon de Villard offrent un cadre enchanteur pour tous les amoureux<\/p>\n<p class=\"more-link\"><a href=\"https:\/\/chalet-orgevaux.ch\/?page_id=15\" class=\"readmore\">Continue reading<svg class=\"icon icon-arrow-right\" aria-hidden=\"true\" role=\"img\"> <use href=\"#icon-arrow-right\" xlink:href=\"#icon-arrow-right\"><\/use> <\/svg><span class=\"screen-reader-text\">Randonn\u00e9es<\/span><\/a><\/p>\n","protected":false},"author":1,"featured_media":0,"parent":0,"menu_order":0,"comment_status":"closed","ping_status":"closed","template":"","meta":{"footnotes":""},"class_list":["post-15","page","type-page","status-publish","hentry"],"_links":{"self":[{"href":"https:\/\/chalet-orgevaux.ch\/index.php?rest_route=\/wp\/v2\/pages\/15","targetHints":{"allow":["GET"]}}],"collection":[{"href":"https:\/\/chalet-orgevaux.ch\/index.php?rest_route=\/wp\/v2\/pages"}],"about":[{"href":"https:\/\/chalet-orgevaux.ch\/index.php?rest_route=\/wp\/v2\/types\/page"}],"author":[{"embeddable":true,"href":"https:\/\/chalet-orgevaux.ch\/index.php?rest_route=\/wp\/v2\/users\/1"}],"replies":[{"embeddable":true,"href":"https:\/\/chalet-orgevaux.ch\/index.php?rest_route=%2Fwp%2Fv2%2Fcomments&post=15"}],"version-history":[{"count":5,"href":"https:\/\/chalet-orgevaux.ch\/index.php?rest_route=\/wp\/v2\/pages\/15\/revisions"}],"predecessor-version":[{"id":76,"href":"https:\/\/chalet-orgevaux.ch\/index.php?rest_route=\/wp\/v2\/pages\/15\/revisions\/76"}],"wp:attachment":[{"href":"https:\/\/chalet-orgevaux.ch\/index.php?rest_route=%2Fwp%2Fv2%2Fmedia&parent=15"}],"curies":[{"name":"wp","href":"https:\/\/api.w.org\/{rel}","templated":true}]}}